{"id":1598,"date":"2023-10-19T12:34:20","date_gmt":"2023-10-19T10:34:20","guid":{"rendered":"https:\/\/gakoak.com\/servicios\/"},"modified":"2024-02-01T11:56:22","modified_gmt":"2024-02-01T10:56:22","slug":"zerbitzuak","status":"publish","type":"page","link":"https:\/\/gakoak.com\/eu\/zerbitzuak\/","title":{"rendered":"Zerbitzuak"},"content":{"rendered":"\t\t<div data-elementor-type=\"wp-page\" data-elementor-id=\"1598\" class=\"elementor elementor-1598 elementor-19\" data-elementor-post-type=\"page\">\n\t\t\t\t<div class=\"elementor-element elementor-element-e105a35 e-flex e-con-boxed e-con e-parent\" data-id=\"e105a35\" data-element_type=\"container\">\n\t\t\t\t\t<div class=\"e-con-inner\">\n\t\t\t\t<div class=\"elementor-element elementor-element-a6d4a18 elementor-widget elementor-widget-heading\" data-id=\"a6d4a18\" data-element_type=\"widget\" data-widget_type=\"heading.default\">\n\t\t\t\t<div class=\"elementor-widget-container\">\n\t\t\t\t\t<h1 class=\"elementor-heading-title elementor-size-default\">Zerbitzuak<\/h1>\t\t\t\t<\/div>\n\t\t\t\t<\/div>\n\t\t\t\t<div class=\"elementor-element elementor-element-677f20c elementor-widget elementor-widget-text-editor\" data-id=\"677f20c\" data-element_type=\"widget\" data-widget_type=\"text-editor.default\">\n\t\t\t\t<div class=\"elementor-widget-container\">\n\t\t\t\t\t\t\t\t\t<p>Unean-unean behar duzun zerbitzua eskaintzen dugu, altzari jakin bat saltzetik hasita zure etxebizitzaren eraberritze integrala diseinatu eta gauzatzeraino.<\/p>\t\t\t\t\t\t\t\t<\/div>\n\t\t\t\t<\/div>\n\t\t\t\t\t<\/div>\n\t\t\t\t<\/div>\n\t\t<div class=\"elementor-element elementor-element-692bbc5 e-con-full e-flex e-con e-parent\" data-id=\"692bbc5\" data-element_type=\"container\" data-settings=\"{&quot;background_background&quot;:&quot;classic&quot;}\">\n\t\t\t\t<div class=\"elementor-element elementor-element-c3cfc05 elementor-widget elementor-widget-image\" data-id=\"c3cfc05\" data-element_type=\"widget\" data-widget_type=\"image.default\">\n\t\t\t\t<div class=\"elementor-widget-container\">\n\t\t\t\t\t\t\t\t\t\t\t\t\t\t\t<img fetchpriority=\"high\" decoding=\"async\" width=\"1852\" height=\"720\" src=\"https:\/\/gakoak.com\/wp-content\/uploads\/2023\/12\/Foto-prueba-Servicios.jpg\" class=\"attachment-full size-full wp-image-1470\" alt=\"\" srcset=\"https:\/\/gakoak.com\/wp-content\/uploads\/2023\/12\/Foto-prueba-Servicios.jpg 1852w, https:\/\/gakoak.com\/wp-content\/uploads\/2023\/12\/Foto-prueba-Servicios-600x233.jpg 600w, https:\/\/gakoak.com\/wp-content\/uploads\/2023\/12\/Foto-prueba-Servicios-300x117.jpg 300w, https:\/\/gakoak.com\/wp-content\/uploads\/2023\/12\/Foto-prueba-Servicios-1024x398.jpg 1024w, https:\/\/gakoak.com\/wp-content\/uploads\/2023\/12\/Foto-prueba-Servicios-768x299.jpg 768w, https:\/\/gakoak.com\/wp-content\/uploads\/2023\/12\/Foto-prueba-Servicios-1536x597.jpg 1536w\" sizes=\"(max-width: 1852px) 100vw, 1852px\" \/>\t\t\t\t\t\t\t\t\t\t\t\t\t\t\t<\/div>\n\t\t\t\t<\/div>\n\t\t\t\t<\/div>\n\t\t<div class=\"elementor-element elementor-element-2b132dc e-flex e-con-boxed e-con e-parent\" data-id=\"2b132dc\" data-element_type=\"container\">\n\t\t\t\t\t<div class=\"e-con-inner\">\n\t\t<div class=\"elementor-element elementor-element-ee16419 e-con-full bloque_servicios e-flex e-con e-child\" data-id=\"ee16419\" data-element_type=\"container\" data-settings=\"{&quot;background_background&quot;:&quot;classic&quot;}\">\n\t\t\t\t<div class=\"elementor-element elementor-element-28300bd elementor-widget elementor-widget-heading\" data-id=\"28300bd\" data-element_type=\"widget\" data-widget_type=\"heading.default\">\n\t\t\t\t<div class=\"elementor-widget-container\">\n\t\t\t\t\t<h2 class=\"elementor-heading-title elementor-size-default\">Barnealdeen diseinua<\/h2>\t\t\t\t<\/div>\n\t\t\t\t<\/div>\n\t\t\t\t<div class=\"elementor-element elementor-element-fdba84d elementor-widget elementor-widget-text-editor\" data-id=\"fdba84d\" data-element_type=\"widget\" data-widget_type=\"text-editor.default\">\n\t\t\t\t<div class=\"elementor-widget-container\">\n\t\t\t\t\t\t\t\t\t<p>Prozesu honetan zure beharrak ezagutuko ditugu eta zure espazioaren aukerak aztertuko ditugu, ahalik eta etekin handiena ateratzeko.<br \/>Banaketa, espazioaren diseinua, dekorazioa eta altzariak landuko ditugu, baita plano teknikoak eta aurrekontua ere.<br \/>Interiorismo-proiektua egiteaz arduratzen gara.<br \/>Prozesu honetan bezeroaren beharrak ezagutzeko lan egiten dugu eta espazioaren aukerak aztertzen ditugu.<\/p>\t\t\t\t\t\t\t\t<\/div>\n\t\t\t\t<\/div>\n\t\t\t\t<\/div>\n\t\t<div class=\"elementor-element elementor-element-f00ce3e e-con-full bloque_servicios e-flex e-con e-child\" data-id=\"f00ce3e\" data-element_type=\"container\" data-settings=\"{&quot;background_background&quot;:&quot;classic&quot;}\">\n\t\t\t\t<div class=\"elementor-element elementor-element-3a5b0bc elementor-widget elementor-widget-heading\" data-id=\"3a5b0bc\" data-element_type=\"widget\" data-widget_type=\"heading.default\">\n\t\t\t\t<div class=\"elementor-widget-container\">\n\t\t\t\t\t<h2 class=\"elementor-heading-title elementor-size-default\">Obraren kudeaketa eta koordinazioa<\/h2>\t\t\t\t<\/div>\n\t\t\t\t<\/div>\n\t\t\t\t<div class=\"elementor-element elementor-element-74156f7 elementor-widget elementor-widget-text-editor\" data-id=\"74156f7\" data-element_type=\"widget\" data-widget_type=\"text-editor.default\">\n\t\t\t\t<div class=\"elementor-widget-container\">\n\t\t\t\t\t\t\t\t\t<p>Obraren exekuzioan parte hartzen duten profesionalak kudeatzen eta koordinatzen ditugu. Gauzatzearen, kalitate-kontrolaren eta denboren etengabeko jarraipena egiten dugu.<\/p>\t\t\t\t\t\t\t\t<\/div>\n\t\t\t\t<\/div>\n\t\t\t\t<\/div>\n\t\t<div class=\"elementor-element elementor-element-a79d3c4 e-con-full bloque_servicios e-flex e-con e-child\" data-id=\"a79d3c4\" data-element_type=\"container\" data-settings=\"{&quot;background_background&quot;:&quot;classic&quot;}\">\n\t\t\t\t<div class=\"elementor-element elementor-element-6a20a01 elementor-widget elementor-widget-heading\" data-id=\"6a20a01\" data-element_type=\"widget\" data-widget_type=\"heading.default\">\n\t\t\t\t<div class=\"elementor-widget-container\">\n\t\t\t\t\t<h2 class=\"elementor-heading-title elementor-size-default\">Altzariak eta dekorazioa<\/h2>\t\t\t\t<\/div>\n\t\t\t\t<\/div>\n\t\t\t\t<div class=\"elementor-element elementor-element-367efff elementor-widget elementor-widget-text-editor\" data-id=\"367efff\" data-element_type=\"widget\" data-widget_type=\"text-editor.default\">\n\t\t\t\t<div class=\"elementor-widget-container\">\n\t\t\t\t\t\t\t\t\t<p>Zure etxea (berria, eraberritu berria edo aldatzeko beharra duena) bilatzen ari zaren etxea izan dadin lortzeko lan egiten dugu.<\/p>\t\t\t\t\t\t\t\t<\/div>\n\t\t\t\t<\/div>\n\t\t\t\t<\/div>\n\t\t<div class=\"elementor-element elementor-element-7391c64 e-con-full bloque_servicios e-flex e-con e-child\" data-id=\"7391c64\" data-element_type=\"container\" data-settings=\"{&quot;background_background&quot;:&quot;classic&quot;}\">\n\t\t\t\t<div class=\"elementor-element elementor-element-ff5889d elementor-widget elementor-widget-heading\" data-id=\"ff5889d\" data-element_type=\"widget\" data-widget_type=\"heading.default\">\n\t\t\t\t<div class=\"elementor-widget-container\">\n\t\t\t\t\t<h2 class=\"elementor-heading-title elementor-size-default\">Profesionalentzako gunea<\/h2>\t\t\t\t<\/div>\n\t\t\t\t<\/div>\n\t\t\t\t<div class=\"elementor-element elementor-element-b91fbe6 elementor-widget elementor-widget-text-editor\" data-id=\"b91fbe6\" data-element_type=\"widget\" data-widget_type=\"text-editor.default\">\n\t\t\t\t<div class=\"elementor-widget-container\">\n\t\t\t\t\t\t\t\t\tErakusketa-denda bat dugu, eta bertan zure bezeroekin bildu eta banatzen ditugun materialak, akaberak, altzariak eta apaingarriak ikusi ahal izango dituzu. Zuek aukeratzen duzue, eta gu gainerakoez arduratzen gara.\t\t\t\t\t\t\t\t<\/div>\n\t\t\t\t<\/div>\n\t\t\t\t<\/div>\n\t\t\t\t\t<\/div>\n\t\t\t\t<\/div>\n\t\t\t\t<\/div>\n\t\t","protected":false},"excerpt":{"rendered":"<p>Zerbitzuak Unean-unean behar duzun zerbitzua eskaintzen dugu, altzari jakin bat saltzetik hasita zure etxebizitzaren eraberritze integrala diseinatu eta gauzatzeraino. Barnealdeen diseinua Prozesu honetan zure beharrak ezagutuko ditugu eta zure espazioaren aukerak aztertuko ditugu, ahalik eta etekin handiena ateratzeko.Banaketa, espazioaren diseinua, dekorazioa eta altzariak landuko ditugu, baita plano teknikoak eta aurrekontua ere.Interiorismo-proiektua egiteaz arduratzen gara.Prozesu honetan &#8230; <a title=\"Zerbitzuak\" class=\"read-more\" href=\"https:\/\/gakoak.com\/eu\/zerbitzuak\/\" aria-label=\"Read more about Zerbitzuak\">Read more<\/a><\/p>\n","protected":false},"author":1,"featured_media":0,"parent":0,"menu_order":0,"comment_status":"closed","ping_status":"closed","template":"elementor_header_footer","meta":{"_acf_changed":false,"footnotes":""},"class_list":["post-1598","page","type-page","status-publish"],"acf":[],"yoast_head":"<!-- This site is optimized with the Yoast SEO plugin v25.1 - https:\/\/yoast.com\/wordpress\/plugins\/seo\/ -->\n<title>Zerbitzuak de Decoraci\u00f3n e Interiorismo en Gernika - Gakoak interiores<\/title>\n<meta name=\"description\" content=\"Dise\u00f1o de interiores, gesti\u00f3n y coordinaci\u00f3n de obras, muebles y decoraci\u00f3n y un espacio destinado a profesionales del sector.\" \/>\n<meta name=\"robots\" content=\"index, follow, max-snippet:-1, max-image-preview:large, max-video-preview:-1\" \/>\n<link rel=\"canonical\" href=\"https:\/\/gakoak.com\/eu\/zerbitzuak\/\" \/>\n<meta property=\"og:locale\" content=\"eu_ES\" \/>\n<meta property=\"og:type\" content=\"article\" \/>\n<meta property=\"og:title\" content=\"Zerbitzuak de Decoraci\u00f3n e Interiorismo en Gernika - Gakoak interiores\" \/>\n<meta property=\"og:description\" content=\"Dise\u00f1o de interiores, gesti\u00f3n y coordinaci\u00f3n de obras, muebles y decoraci\u00f3n y un espacio destinado a profesionales del sector.\" \/>\n<meta property=\"og:url\" content=\"https:\/\/gakoak.com\/eu\/zerbitzuak\/\" \/>\n<meta property=\"og:site_name\" content=\"Gakoak interiores\" \/>\n<meta property=\"article:modified_time\" content=\"2024-02-01T10:56:22+00:00\" \/>\n<meta property=\"og:image\" content=\"https:\/\/gakoak.com\/wp-content\/uploads\/2023\/12\/Foto-prueba-Servicios.jpg\" \/>\n<meta name=\"twitter:card\" content=\"summary_large_image\" \/>\n<meta name=\"twitter:label1\" content=\"Est. reading time\" \/>\n\t<meta name=\"twitter:data1\" content=\"1 minute\" \/>\n<script type=\"application\/ld+json\" class=\"yoast-schema-graph\">{\"@context\":\"https:\/\/schema.org\",\"@graph\":[{\"@type\":\"WebPage\",\"@id\":\"https:\/\/gakoak.com\/eu\/zerbitzuak\/\",\"url\":\"https:\/\/gakoak.com\/eu\/zerbitzuak\/\",\"name\":\"Zerbitzuak de Decoraci\u00f3n e Interiorismo en Gernika - Gakoak interiores\",\"isPartOf\":{\"@id\":\"https:\/\/gakoak.com\/eu\/#website\"},\"primaryImageOfPage\":{\"@id\":\"https:\/\/gakoak.com\/eu\/zerbitzuak\/#primaryimage\"},\"image\":{\"@id\":\"https:\/\/gakoak.com\/eu\/zerbitzuak\/#primaryimage\"},\"thumbnailUrl\":\"https:\/\/gakoak.com\/wp-content\/uploads\/2023\/12\/Foto-prueba-Servicios.jpg\",\"datePublished\":\"2023-10-19T10:34:20+00:00\",\"dateModified\":\"2024-02-01T10:56:22+00:00\",\"description\":\"Dise\u00f1o de interiores, gesti\u00f3n y coordinaci\u00f3n de obras, muebles y decoraci\u00f3n y un espacio destinado a profesionales del sector.\",\"breadcrumb\":{\"@id\":\"https:\/\/gakoak.com\/eu\/zerbitzuak\/#breadcrumb\"},\"inLanguage\":\"eu-ES\",\"potentialAction\":[{\"@type\":\"ReadAction\",\"target\":[\"https:\/\/gakoak.com\/eu\/zerbitzuak\/\"]}]},{\"@type\":\"ImageObject\",\"inLanguage\":\"eu-ES\",\"@id\":\"https:\/\/gakoak.com\/eu\/zerbitzuak\/#primaryimage\",\"url\":\"https:\/\/gakoak.com\/wp-content\/uploads\/2023\/12\/Foto-prueba-Servicios.jpg\",\"contentUrl\":\"https:\/\/gakoak.com\/wp-content\/uploads\/2023\/12\/Foto-prueba-Servicios.jpg\"},{\"@type\":\"BreadcrumbList\",\"@id\":\"https:\/\/gakoak.com\/eu\/zerbitzuak\/#breadcrumb\",\"itemListElement\":[{\"@type\":\"ListItem\",\"position\":1,\"name\":\"Portada\",\"item\":\"https:\/\/gakoak.com\/eu\/\"},{\"@type\":\"ListItem\",\"position\":2,\"name\":\"Zerbitzuak\"}]},{\"@type\":\"WebSite\",\"@id\":\"https:\/\/gakoak.com\/eu\/#website\",\"url\":\"https:\/\/gakoak.com\/eu\/\",\"name\":\"Gakoak interiores\",\"description\":\"\",\"publisher\":{\"@id\":\"https:\/\/gakoak.com\/eu\/#organization\"},\"potentialAction\":[{\"@type\":\"SearchAction\",\"target\":{\"@type\":\"EntryPoint\",\"urlTemplate\":\"https:\/\/gakoak.com\/eu\/?s={search_term_string}\"},\"query-input\":{\"@type\":\"PropertyValueSpecification\",\"valueRequired\":true,\"valueName\":\"search_term_string\"}}],\"inLanguage\":\"eu-ES\"},{\"@type\":\"Organization\",\"@id\":\"https:\/\/gakoak.com\/eu\/#organization\",\"name\":\"Gakoak interiores\",\"url\":\"https:\/\/gakoak.com\/eu\/\",\"logo\":{\"@type\":\"ImageObject\",\"inLanguage\":\"eu-ES\",\"@id\":\"https:\/\/gakoak.com\/eu\/#\/schema\/logo\/image\/\",\"url\":\"https:\/\/gakoak.com\/wp-content\/uploads\/2024\/01\/cropped-GAKOAK-logo-4.webp\",\"contentUrl\":\"https:\/\/gakoak.com\/wp-content\/uploads\/2024\/01\/cropped-GAKOAK-logo-4.webp\",\"width\":1023,\"height\":1030,\"caption\":\"Gakoak interiores\"},\"image\":{\"@id\":\"https:\/\/gakoak.com\/eu\/#\/schema\/logo\/image\/\"}}]}<\/script>\n<!-- \/ Yoast SEO plugin. -->","yoast_head_json":{"title":"Zerbitzuak de Decoraci\u00f3n e Interiorismo en Gernika - Gakoak interiores","description":"Dise\u00f1o de interiores, gesti\u00f3n y coordinaci\u00f3n de obras, muebles y decoraci\u00f3n y un espacio destinado a profesionales del sector.","robots":{"index":"index","follow":"follow","max-snippet":"max-snippet:-1","max-image-preview":"max-image-preview:large","max-video-preview":"max-video-preview:-1"},"canonical":"https:\/\/gakoak.com\/eu\/zerbitzuak\/","og_locale":"eu_ES","og_type":"article","og_title":"Zerbitzuak de Decoraci\u00f3n e Interiorismo en Gernika - Gakoak interiores","og_description":"Dise\u00f1o de interiores, gesti\u00f3n y coordinaci\u00f3n de obras, muebles y decoraci\u00f3n y un espacio destinado a profesionales del sector.","og_url":"https:\/\/gakoak.com\/eu\/zerbitzuak\/","og_site_name":"Gakoak interiores","article_modified_time":"2024-02-01T10:56:22+00:00","og_image":[{"url":"https:\/\/gakoak.com\/wp-content\/uploads\/2023\/12\/Foto-prueba-Servicios.jpg","type":"","width":"","height":""}],"twitter_card":"summary_large_image","twitter_misc":{"Est. reading time":"1 minute"},"schema":{"@context":"https:\/\/schema.org","@graph":[{"@type":"WebPage","@id":"https:\/\/gakoak.com\/eu\/zerbitzuak\/","url":"https:\/\/gakoak.com\/eu\/zerbitzuak\/","name":"Zerbitzuak de Decoraci\u00f3n e Interiorismo en Gernika - Gakoak interiores","isPartOf":{"@id":"https:\/\/gakoak.com\/eu\/#website"},"primaryImageOfPage":{"@id":"https:\/\/gakoak.com\/eu\/zerbitzuak\/#primaryimage"},"image":{"@id":"https:\/\/gakoak.com\/eu\/zerbitzuak\/#primaryimage"},"thumbnailUrl":"https:\/\/gakoak.com\/wp-content\/uploads\/2023\/12\/Foto-prueba-Servicios.jpg","datePublished":"2023-10-19T10:34:20+00:00","dateModified":"2024-02-01T10:56:22+00:00","description":"Dise\u00f1o de interiores, gesti\u00f3n y coordinaci\u00f3n de obras, muebles y decoraci\u00f3n y un espacio destinado a profesionales del sector.","breadcrumb":{"@id":"https:\/\/gakoak.com\/eu\/zerbitzuak\/#breadcrumb"},"inLanguage":"eu-ES","potentialAction":[{"@type":"ReadAction","target":["https:\/\/gakoak.com\/eu\/zerbitzuak\/"]}]},{"@type":"ImageObject","inLanguage":"eu-ES","@id":"https:\/\/gakoak.com\/eu\/zerbitzuak\/#primaryimage","url":"https:\/\/gakoak.com\/wp-content\/uploads\/2023\/12\/Foto-prueba-Servicios.jpg","contentUrl":"https:\/\/gakoak.com\/wp-content\/uploads\/2023\/12\/Foto-prueba-Servicios.jpg"},{"@type":"BreadcrumbList","@id":"https:\/\/gakoak.com\/eu\/zerbitzuak\/#breadcrumb","itemListElement":[{"@type":"ListItem","position":1,"name":"Portada","item":"https:\/\/gakoak.com\/eu\/"},{"@type":"ListItem","position":2,"name":"Zerbitzuak"}]},{"@type":"WebSite","@id":"https:\/\/gakoak.com\/eu\/#website","url":"https:\/\/gakoak.com\/eu\/","name":"Gakoak interiores","description":"","publisher":{"@id":"https:\/\/gakoak.com\/eu\/#organization"},"potentialAction":[{"@type":"SearchAction","target":{"@type":"EntryPoint","urlTemplate":"https:\/\/gakoak.com\/eu\/?s={search_term_string}"},"query-input":{"@type":"PropertyValueSpecification","valueRequired":true,"valueName":"search_term_string"}}],"inLanguage":"eu-ES"},{"@type":"Organization","@id":"https:\/\/gakoak.com\/eu\/#organization","name":"Gakoak interiores","url":"https:\/\/gakoak.com\/eu\/","logo":{"@type":"ImageObject","inLanguage":"eu-ES","@id":"https:\/\/gakoak.com\/eu\/#\/schema\/logo\/image\/","url":"https:\/\/gakoak.com\/wp-content\/uploads\/2024\/01\/cropped-GAKOAK-logo-4.webp","contentUrl":"https:\/\/gakoak.com\/wp-content\/uploads\/2024\/01\/cropped-GAKOAK-logo-4.webp","width":1023,"height":1030,"caption":"Gakoak interiores"},"image":{"@id":"https:\/\/gakoak.com\/eu\/#\/schema\/logo\/image\/"}}]}},"_links":{"self":[{"href":"https:\/\/gakoak.com\/eu\/wp-json\/wp\/v2\/pages\/1598","targetHints":{"allow":["GET"]}}],"collection":[{"href":"https:\/\/gakoak.com\/eu\/wp-json\/wp\/v2\/pages"}],"about":[{"href":"https:\/\/gakoak.com\/eu\/wp-json\/wp\/v2\/types\/page"}],"author":[{"embeddable":true,"href":"https:\/\/gakoak.com\/eu\/wp-json\/wp\/v2\/users\/1"}],"replies":[{"embeddable":true,"href":"https:\/\/gakoak.com\/eu\/wp-json\/wp\/v2\/comments?post=1598"}],"version-history":[{"count":4,"href":"https:\/\/gakoak.com\/eu\/wp-json\/wp\/v2\/pages\/1598\/revisions"}],"predecessor-version":[{"id":1602,"href":"https:\/\/gakoak.com\/eu\/wp-json\/wp\/v2\/pages\/1598\/revisions\/1602"}],"wp:attachment":[{"href":"https:\/\/gakoak.com\/eu\/wp-json\/wp\/v2\/media?parent=1598"}],"curies":[{"name":"wp","href":"https:\/\/api.w.org\/{rel}","templated":true}]}}