{"id":1608,"date":"2023-10-19T12:34:44","date_gmt":"2023-10-19T10:34:44","guid":{"rendered":"https:\/\/gakoak.com\/prensa\/"},"modified":"2024-02-01T11:59:31","modified_gmt":"2024-02-01T10:59:31","slug":"prentsa","status":"publish","type":"page","link":"https:\/\/gakoak.com\/eu\/prentsa\/","title":{"rendered":"Prentsa"},"content":{"rendered":"\t\t<div data-elementor-type=\"wp-page\" data-elementor-id=\"1608\" class=\"elementor elementor-1608 elementor-23\" data-elementor-post-type=\"page\">\n\t\t\t\t<div class=\"elementor-element elementor-element-0248ad7 e-flex e-con-boxed e-con e-parent\" data-id=\"0248ad7\" data-element_type=\"container\">\n\t\t\t\t\t<div class=\"e-con-inner\">\n\t\t\t\t<div class=\"elementor-element elementor-element-6dcfdfc elementor-widget elementor-widget-heading\" data-id=\"6dcfdfc\" data-element_type=\"widget\" data-widget_type=\"heading.default\">\n\t\t\t\t<div class=\"elementor-widget-container\">\n\t\t\t\t\t<h1 class=\"elementor-heading-title elementor-size-default\">Prentsa<\/h1>\t\t\t\t<\/div>\n\t\t\t\t<\/div>\n\t\t\t\t\t<\/div>\n\t\t\t\t<\/div>\n\t\t<div class=\"elementor-element elementor-element-16acba2 e-flex e-con-boxed e-con e-parent\" data-id=\"16acba2\" data-element_type=\"container\">\n\t\t\t\t\t<div class=\"e-con-inner\">\n\t\t<div class=\"elementor-element elementor-element-cfe3aa6 e-con-full e-flex e-con e-child\" data-id=\"cfe3aa6\" data-element_type=\"container\">\n\t\t\t\t<div class=\"elementor-element elementor-element-16ffaca elementor-widget elementor-widget-image\" data-id=\"16ffaca\" data-element_type=\"widget\" data-widget_type=\"image.default\">\n\t\t\t\t<div class=\"elementor-widget-container\">\n\t\t\t\t\t\t\t\t\t\t\t\t\t\t\t\t<a href=\"https:\/\/gakoak.com\/wp-content\/uploads\/2023\/12\/Articulo-HITZA.jpeg\" data-elementor-open-lightbox=\"yes\" data-elementor-lightbox-title=\"Art\u00edculo HITZA\" data-e-action-hash=\"#elementor-action%3Aaction%3Dlightbox%26settings%3DeyJpZCI6MTMwMywidXJsIjoiaHR0cHM6XC9cL2dha29hay5jb21cL3dwLWNvbnRlbnRcL3VwbG9hZHNcLzIwMjNcLzEyXC9BcnRpY3Vsby1ISVRaQS5qcGVnIn0%3D\">\n\t\t\t\t\t\t\t<img fetchpriority=\"high\" decoding=\"async\" width=\"1299\" height=\"1594\" src=\"https:\/\/gakoak.com\/wp-content\/uploads\/2023\/12\/Articulo-HITZA.jpeg\" class=\"attachment-full size-full wp-image-1303\" alt=\"\" srcset=\"https:\/\/gakoak.com\/wp-content\/uploads\/2023\/12\/Articulo-HITZA.jpeg 1299w, https:\/\/gakoak.com\/wp-content\/uploads\/2023\/12\/Articulo-HITZA-600x736.jpeg 600w, https:\/\/gakoak.com\/wp-content\/uploads\/2023\/12\/Articulo-HITZA-244x300.jpeg 244w, https:\/\/gakoak.com\/wp-content\/uploads\/2023\/12\/Articulo-HITZA-834x1024.jpeg 834w, https:\/\/gakoak.com\/wp-content\/uploads\/2023\/12\/Articulo-HITZA-768x942.jpeg 768w, https:\/\/gakoak.com\/wp-content\/uploads\/2023\/12\/Articulo-HITZA-1252x1536.jpeg 1252w\" sizes=\"(max-width: 1299px) 100vw, 1299px\" \/>\t\t\t\t\t\t\t\t<\/a>\n\t\t\t\t\t\t\t\t\t\t\t\t\t\t\t<\/div>\n\t\t\t\t<\/div>\n\t\t\t\t<\/div>\n\t\t<div class=\"elementor-element elementor-element-8980288 e-con-full e-flex e-con e-child\" data-id=\"8980288\" data-element_type=\"container\">\n\t\t\t\t<div class=\"elementor-element elementor-element-a5b3f63 elementor-widget elementor-widget-image\" data-id=\"a5b3f63\" data-element_type=\"widget\" data-widget_type=\"image.default\">\n\t\t\t\t<div class=\"elementor-widget-container\">\n\t\t\t\t\t\t\t\t\t\t\t\t\t\t\t\t<a href=\"\/wp-content\/uploads\/2023\/10\/220213_ART_EPS.pdf\" target=\"_blank\">\n\t\t\t\t\t\t\t<img decoding=\"async\" width=\"800\" height=\"1020\" src=\"https:\/\/gakoak.com\/wp-content\/uploads\/2023\/10\/220213_ART_EPS-1.jpg\" class=\"attachment-large size-large wp-image-1294\" alt=\"\" srcset=\"https:\/\/gakoak.com\/wp-content\/uploads\/2023\/10\/220213_ART_EPS-1.jpg 800w, https:\/\/gakoak.com\/wp-content\/uploads\/2023\/10\/220213_ART_EPS-1-600x765.jpg 600w, https:\/\/gakoak.com\/wp-content\/uploads\/2023\/10\/220213_ART_EPS-1-235x300.jpg 235w, https:\/\/gakoak.com\/wp-content\/uploads\/2023\/10\/220213_ART_EPS-1-768x979.jpg 768w\" sizes=\"(max-width: 800px) 100vw, 800px\" \/>\t\t\t\t\t\t\t\t<\/a>\n\t\t\t\t\t\t\t\t\t\t\t\t\t\t\t<\/div>\n\t\t\t\t<\/div>\n\t\t\t\t<\/div>\n\t\t<div class=\"elementor-element elementor-element-0274a3b e-con-full e-flex e-con e-child\" data-id=\"0274a3b\" data-element_type=\"container\">\n\t\t\t\t<div class=\"elementor-element elementor-element-3d2d602 elementor-widget elementor-widget-image\" data-id=\"3d2d602\" data-element_type=\"widget\" data-widget_type=\"image.default\">\n\t\t\t\t<div class=\"elementor-widget-container\">\n\t\t\t\t\t\t\t\t\t\t\t\t\t\t\t\t<a href=\"https:\/\/www.revistaad.es\/decoracion\/casas-ad\/articulos\/una-casa-senorial-en-el-urdaibai\/19582\" target=\"_blank\">\n\t\t\t\t\t\t\t<img decoding=\"async\" width=\"800\" height=\"711\" src=\"https:\/\/gakoak.com\/wp-content\/uploads\/2023\/10\/REVISTA-AD_Portada-Etxelaia.jpg\" class=\"attachment-large size-large wp-image-1296\" alt=\"\" srcset=\"https:\/\/gakoak.com\/wp-content\/uploads\/2023\/10\/REVISTA-AD_Portada-Etxelaia.jpg 800w, https:\/\/gakoak.com\/wp-content\/uploads\/2023\/10\/REVISTA-AD_Portada-Etxelaia-600x533.jpg 600w, https:\/\/gakoak.com\/wp-content\/uploads\/2023\/10\/REVISTA-AD_Portada-Etxelaia-300x267.jpg 300w, https:\/\/gakoak.com\/wp-content\/uploads\/2023\/10\/REVISTA-AD_Portada-Etxelaia-768x683.jpg 768w\" sizes=\"(max-width: 800px) 100vw, 800px\" \/>\t\t\t\t\t\t\t\t<\/a>\n\t\t\t\t\t\t\t\t\t\t\t\t\t\t\t<\/div>\n\t\t\t\t<\/div>\n\t\t\t\t<\/div>\n\t\t\t\t\t<\/div>\n\t\t\t\t<\/div>\n\t\t\t\t<\/div>\n\t\t","protected":false},"excerpt":{"rendered":"<p>Prentsa<\/p>\n","protected":false},"author":1,"featured_media":0,"parent":0,"menu_order":0,"comment_status":"closed","ping_status":"closed","template":"elementor_header_footer","meta":{"_acf_changed":false,"footnotes":""},"class_list":["post-1608","page","type-page","status-publish"],"acf":[],"yoast_head":"<!-- This site is optimized with the Yoast SEO plugin v25.1 - https:\/\/yoast.com\/wordpress\/plugins\/seo\/ -->\n<title>Estudio de decoraci\u00f3n de Gernika en revistas y prensa<\/title>\n<meta name=\"description\" content=\"En Gakoak Interiores realizamos proyectos \u00fanicos de decoraci\u00f3n y por ese motivo importantes revistas de decoraci\u00f3n nos recomiendan.\" \/>\n<meta name=\"robots\" content=\"index, follow, max-snippet:-1, max-image-preview:large, max-video-preview:-1\" \/>\n<link rel=\"canonical\" href=\"https:\/\/gakoak.com\/eu\/prentsa\/\" \/>\n<meta property=\"og:locale\" content=\"eu_ES\" \/>\n<meta property=\"og:type\" content=\"article\" \/>\n<meta property=\"og:title\" content=\"Estudio de decoraci\u00f3n de Gernika en revistas y prensa\" \/>\n<meta property=\"og:description\" content=\"En Gakoak Interiores realizamos proyectos \u00fanicos de decoraci\u00f3n y por ese motivo importantes revistas de decoraci\u00f3n nos recomiendan.\" \/>\n<meta property=\"og:url\" content=\"https:\/\/gakoak.com\/eu\/prentsa\/\" \/>\n<meta property=\"og:site_name\" content=\"Gakoak interiores\" \/>\n<meta property=\"article:modified_time\" content=\"2024-02-01T10:59:31+00:00\" \/>\n<meta property=\"og:image\" content=\"https:\/\/gakoak.com\/wp-content\/uploads\/2023\/12\/Articulo-HITZA.jpeg\" \/>\n<meta name=\"twitter:card\" content=\"summary_large_image\" \/>\n<meta name=\"twitter:label1\" content=\"Est. reading time\" \/>\n\t<meta name=\"twitter:data1\" content=\"1 minute\" \/>\n<script type=\"application\/ld+json\" class=\"yoast-schema-graph\">{\"@context\":\"https:\/\/schema.org\",\"@graph\":[{\"@type\":\"WebPage\",\"@id\":\"https:\/\/gakoak.com\/eu\/prentsa\/\",\"url\":\"https:\/\/gakoak.com\/eu\/prentsa\/\",\"name\":\"Estudio de decoraci\u00f3n de Gernika en revistas y prensa\",\"isPartOf\":{\"@id\":\"https:\/\/gakoak.com\/eu\/#website\"},\"primaryImageOfPage\":{\"@id\":\"https:\/\/gakoak.com\/eu\/prentsa\/#primaryimage\"},\"image\":{\"@id\":\"https:\/\/gakoak.com\/eu\/prentsa\/#primaryimage\"},\"thumbnailUrl\":\"https:\/\/gakoak.com\/wp-content\/uploads\/2023\/12\/Articulo-HITZA.jpeg\",\"datePublished\":\"2023-10-19T10:34:44+00:00\",\"dateModified\":\"2024-02-01T10:59:31+00:00\",\"description\":\"En Gakoak Interiores realizamos proyectos \u00fanicos de decoraci\u00f3n y por ese motivo importantes revistas de decoraci\u00f3n nos recomiendan.\",\"breadcrumb\":{\"@id\":\"https:\/\/gakoak.com\/eu\/prentsa\/#breadcrumb\"},\"inLanguage\":\"eu-ES\",\"potentialAction\":[{\"@type\":\"ReadAction\",\"target\":[\"https:\/\/gakoak.com\/eu\/prentsa\/\"]}]},{\"@type\":\"ImageObject\",\"inLanguage\":\"eu-ES\",\"@id\":\"https:\/\/gakoak.com\/eu\/prentsa\/#primaryimage\",\"url\":\"https:\/\/gakoak.com\/wp-content\/uploads\/2023\/12\/Articulo-HITZA.jpeg\",\"contentUrl\":\"https:\/\/gakoak.com\/wp-content\/uploads\/2023\/12\/Articulo-HITZA.jpeg\"},{\"@type\":\"BreadcrumbList\",\"@id\":\"https:\/\/gakoak.com\/eu\/prentsa\/#breadcrumb\",\"itemListElement\":[{\"@type\":\"ListItem\",\"position\":1,\"name\":\"Portada\",\"item\":\"https:\/\/gakoak.com\/eu\/\"},{\"@type\":\"ListItem\",\"position\":2,\"name\":\"Prentsa\"}]},{\"@type\":\"WebSite\",\"@id\":\"https:\/\/gakoak.com\/eu\/#website\",\"url\":\"https:\/\/gakoak.com\/eu\/\",\"name\":\"Gakoak interiores\",\"description\":\"\",\"publisher\":{\"@id\":\"https:\/\/gakoak.com\/eu\/#organization\"},\"potentialAction\":[{\"@type\":\"SearchAction\",\"target\":{\"@type\":\"EntryPoint\",\"urlTemplate\":\"https:\/\/gakoak.com\/eu\/?s={search_term_string}\"},\"query-input\":{\"@type\":\"PropertyValueSpecification\",\"valueRequired\":true,\"valueName\":\"search_term_string\"}}],\"inLanguage\":\"eu-ES\"},{\"@type\":\"Organization\",\"@id\":\"https:\/\/gakoak.com\/eu\/#organization\",\"name\":\"Gakoak interiores\",\"url\":\"https:\/\/gakoak.com\/eu\/\",\"logo\":{\"@type\":\"ImageObject\",\"inLanguage\":\"eu-ES\",\"@id\":\"https:\/\/gakoak.com\/eu\/#\/schema\/logo\/image\/\",\"url\":\"https:\/\/gakoak.com\/wp-content\/uploads\/2024\/01\/cropped-GAKOAK-logo-4.webp\",\"contentUrl\":\"https:\/\/gakoak.com\/wp-content\/uploads\/2024\/01\/cropped-GAKOAK-logo-4.webp\",\"width\":1023,\"height\":1030,\"caption\":\"Gakoak interiores\"},\"image\":{\"@id\":\"https:\/\/gakoak.com\/eu\/#\/schema\/logo\/image\/\"}}]}<\/script>\n<!-- \/ Yoast SEO plugin. -->","yoast_head_json":{"title":"Estudio de decoraci\u00f3n de Gernika en revistas y prensa","description":"En Gakoak Interiores realizamos proyectos \u00fanicos de decoraci\u00f3n y por ese motivo importantes revistas de decoraci\u00f3n nos recomiendan.","robots":{"index":"index","follow":"follow","max-snippet":"max-snippet:-1","max-image-preview":"max-image-preview:large","max-video-preview":"max-video-preview:-1"},"canonical":"https:\/\/gakoak.com\/eu\/prentsa\/","og_locale":"eu_ES","og_type":"article","og_title":"Estudio de decoraci\u00f3n de Gernika en revistas y prensa","og_description":"En Gakoak Interiores realizamos proyectos \u00fanicos de decoraci\u00f3n y por ese motivo importantes revistas de decoraci\u00f3n nos recomiendan.","og_url":"https:\/\/gakoak.com\/eu\/prentsa\/","og_site_name":"Gakoak interiores","article_modified_time":"2024-02-01T10:59:31+00:00","og_image":[{"url":"https:\/\/gakoak.com\/wp-content\/uploads\/2023\/12\/Articulo-HITZA.jpeg","type":"","width":"","height":""}],"twitter_card":"summary_large_image","twitter_misc":{"Est. reading time":"1 minute"},"schema":{"@context":"https:\/\/schema.org","@graph":[{"@type":"WebPage","@id":"https:\/\/gakoak.com\/eu\/prentsa\/","url":"https:\/\/gakoak.com\/eu\/prentsa\/","name":"Estudio de decoraci\u00f3n de Gernika en revistas y prensa","isPartOf":{"@id":"https:\/\/gakoak.com\/eu\/#website"},"primaryImageOfPage":{"@id":"https:\/\/gakoak.com\/eu\/prentsa\/#primaryimage"},"image":{"@id":"https:\/\/gakoak.com\/eu\/prentsa\/#primaryimage"},"thumbnailUrl":"https:\/\/gakoak.com\/wp-content\/uploads\/2023\/12\/Articulo-HITZA.jpeg","datePublished":"2023-10-19T10:34:44+00:00","dateModified":"2024-02-01T10:59:31+00:00","description":"En Gakoak Interiores realizamos proyectos \u00fanicos de decoraci\u00f3n y por ese motivo importantes revistas de decoraci\u00f3n nos recomiendan.","breadcrumb":{"@id":"https:\/\/gakoak.com\/eu\/prentsa\/#breadcrumb"},"inLanguage":"eu-ES","potentialAction":[{"@type":"ReadAction","target":["https:\/\/gakoak.com\/eu\/prentsa\/"]}]},{"@type":"ImageObject","inLanguage":"eu-ES","@id":"https:\/\/gakoak.com\/eu\/prentsa\/#primaryimage","url":"https:\/\/gakoak.com\/wp-content\/uploads\/2023\/12\/Articulo-HITZA.jpeg","contentUrl":"https:\/\/gakoak.com\/wp-content\/uploads\/2023\/12\/Articulo-HITZA.jpeg"},{"@type":"BreadcrumbList","@id":"https:\/\/gakoak.com\/eu\/prentsa\/#breadcrumb","itemListElement":[{"@type":"ListItem","position":1,"name":"Portada","item":"https:\/\/gakoak.com\/eu\/"},{"@type":"ListItem","position":2,"name":"Prentsa"}]},{"@type":"WebSite","@id":"https:\/\/gakoak.com\/eu\/#website","url":"https:\/\/gakoak.com\/eu\/","name":"Gakoak interiores","description":"","publisher":{"@id":"https:\/\/gakoak.com\/eu\/#organization"},"potentialAction":[{"@type":"SearchAction","target":{"@type":"EntryPoint","urlTemplate":"https:\/\/gakoak.com\/eu\/?s={search_term_string}"},"query-input":{"@type":"PropertyValueSpecification","valueRequired":true,"valueName":"search_term_string"}}],"inLanguage":"eu-ES"},{"@type":"Organization","@id":"https:\/\/gakoak.com\/eu\/#organization","name":"Gakoak interiores","url":"https:\/\/gakoak.com\/eu\/","logo":{"@type":"ImageObject","inLanguage":"eu-ES","@id":"https:\/\/gakoak.com\/eu\/#\/schema\/logo\/image\/","url":"https:\/\/gakoak.com\/wp-content\/uploads\/2024\/01\/cropped-GAKOAK-logo-4.webp","contentUrl":"https:\/\/gakoak.com\/wp-content\/uploads\/2024\/01\/cropped-GAKOAK-logo-4.webp","width":1023,"height":1030,"caption":"Gakoak interiores"},"image":{"@id":"https:\/\/gakoak.com\/eu\/#\/schema\/logo\/image\/"}}]}},"_links":{"self":[{"href":"https:\/\/gakoak.com\/eu\/wp-json\/wp\/v2\/pages\/1608","targetHints":{"allow":["GET"]}}],"collection":[{"href":"https:\/\/gakoak.com\/eu\/wp-json\/wp\/v2\/pages"}],"about":[{"href":"https:\/\/gakoak.com\/eu\/wp-json\/wp\/v2\/types\/page"}],"author":[{"embeddable":true,"href":"https:\/\/gakoak.com\/eu\/wp-json\/wp\/v2\/users\/1"}],"replies":[{"embeddable":true,"href":"https:\/\/gakoak.com\/eu\/wp-json\/wp\/v2\/comments?post=1608"}],"version-history":[{"count":4,"href":"https:\/\/gakoak.com\/eu\/wp-json\/wp\/v2\/pages\/1608\/revisions"}],"predecessor-version":[{"id":1612,"href":"https:\/\/gakoak.com\/eu\/wp-json\/wp\/v2\/pages\/1608\/revisions\/1612"}],"wp:attachment":[{"href":"https:\/\/gakoak.com\/eu\/wp-json\/wp\/v2\/media?parent=1608"}],"curies":[{"name":"wp","href":"https:\/\/api.w.org\/{rel}","templated":true}]}}